{"id":87,"date":"2018-04-17T00:05:08","date_gmt":"2018-04-17T00:05:08","guid":{"rendered":"https:\/\/pinillaarquitectos.com\/wp\/?page_id=87"},"modified":"2025-02-12T23:40:43","modified_gmt":"2025-02-12T23:40:43","slug":"artes-nacional","status":"publish","type":"page","link":"https:\/\/pinillaarquitectos.com\/wp\/proyectos\/artes-nacional\/","title":{"rendered":"Edificio Facultad de Artes"},"content":{"rendered":"\n<p class=\"has-medium-font-size\"><strong>Universidad Nacional de Colombia, sede Bogot\u00e1.<\/strong><br><strong>2013<\/strong><\/p>\n\n\n\n<p>Equipo de trabajo: Mauricio Pinilla, Andr\u00e9s Delgado, Mar\u00eda Camila Jim\u00e9nez, Juan Pablo Orejuela,&nbsp;Juan Diego P\u00e9rez, Ana Mesa, Pablo Trujillo, Nicol\u00e1s Colorado, Carlos L\u00f3pez.<\/p>\n\n\n\n<figure class=\"wp-block-image alignwide size-large\"><img fetchpriority=\"high\" decoding=\"async\" width=\"1024\" height=\"676\" src=\"https:\/\/pinillaarquitectos.com\/wp\/wp-content\/uploads\/2021\/09\/Patio-central-comprimido-1024x676.jpg\" alt=\"\" class=\"wp-image-471\" srcset=\"https:\/\/pinillaarquitectos.com\/wp\/wp-content\/uploads\/2021\/09\/Patio-central-comprimido-1024x676.jpg 1024w, https:\/\/pinillaarquitectos.com\/wp\/wp-content\/uploads\/2021\/09\/Patio-central-comprimido-300x198.jpg 300w, https:\/\/pinillaarquitectos.com\/wp\/wp-content\/uploads\/2021\/09\/Patio-central-comprimido-768x507.jpg 768w, https:\/\/pinillaarquitectos.com\/wp\/wp-content\/uploads\/2021\/09\/Patio-central-comprimido-1536x1014.jpg 1536w, https:\/\/pinillaarquitectos.com\/wp\/wp-content\/uploads\/2021\/09\/Patio-central-comprimido-2048x1352.jpg 2048w\" sizes=\"(max-width: 1024px) 100vw, 1024px\" \/><\/figure>\n\n\n\n<div class=\"wp-block-columns alignwide is-layout-flex wp-container-core-columns-is-layout-1 wp-block-columns-is-layout-flex\">\n<div class=\"wp-block-column is-layout-flow wp-block-column-is-layout-flow\" style=\"flex-basis:100%\">\n<p>El nuevo edificio debe asumir la responsabilidad de constituir espacios abiertos significativos y arm\u00f3nicos con los edificios vecinos.<\/p>\n<\/div>\n<\/div>\n\n\n\n<div class=\"wp-block-columns alignwide is-layout-flex wp-container-core-columns-is-layout-2 wp-block-columns-is-layout-flex\">\n<div class=\"wp-block-column is-layout-flow wp-block-column-is-layout-flow\" style=\"flex-basis:100%\">\n<p>Todo el edificio se asienta sobre una plataforma elevada un&nbsp;metro con respecto a su entorno.<br>As\u00ed, la plaza de acceso se convierte parcialmente en un atrio, como en la Plaza de Bol\u00edvar, al entrar a la Catedral.<br>Las escalinatas se convierten en tribuna y en lugar para sentarse a tomar el sol y ver pasar a los dem\u00e1s. Entreverada entre los pelda\u00f1os suben en diagonal un par de rampas de escasa pendiente, para las sillas de ruedas y&nbsp;para los j\u00f3venes en monopatines. <\/p>\n<\/div>\n<\/div>\n\n\n\n<div class=\"wp-block-columns alignwide is-layout-flex wp-container-core-columns-is-layout-3 wp-block-columns-is-layout-flex\">\n<div class=\"wp-block-column is-layout-flow wp-block-column-is-layout-flow\" style=\"flex-basis:100%\">\n<p>El bosque contiguo al Conservatorio ha jugado desde hace a\u00f1os un papel l\u00fadico y de descanso para la comunidad. Sus \u00e1rboles tienen gran altura y el c\u00e9sped bajo ellos, a veces&nbsp;sombreado, a veces pleno de sol, invita a tenderse sobre \u00e9l. El borde del proyecto contra este paisaje tiene el deber de reconocerlo y activar su uso.<\/p>\n<\/div>\n<\/div>\n\n\n\n<figure class=\"wp-block-image alignwide size-large\"><img decoding=\"async\" width=\"1024\" height=\"786\" src=\"https:\/\/pinillaarquitectos.com\/wp\/wp-content\/uploads\/2021\/09\/Axonometria-1024x786.jpg\" alt=\"\" class=\"wp-image-467\" srcset=\"https:\/\/pinillaarquitectos.com\/wp\/wp-content\/uploads\/2021\/09\/Axonometria-1024x786.jpg 1024w, https:\/\/pinillaarquitectos.com\/wp\/wp-content\/uploads\/2021\/09\/Axonometria-300x230.jpg 300w, https:\/\/pinillaarquitectos.com\/wp\/wp-content\/uploads\/2021\/09\/Axonometria-768x589.jpg 768w, https:\/\/pinillaarquitectos.com\/wp\/wp-content\/uploads\/2021\/09\/Axonometria-1536x1179.jpg 1536w, https:\/\/pinillaarquitectos.com\/wp\/wp-content\/uploads\/2021\/09\/Axonometria.jpg 1949w\" sizes=\"(max-width: 1024px) 100vw, 1024px\" \/><\/figure>\n\n\n\n<div class=\"wp-block-columns alignwide is-layout-flex wp-container-core-columns-is-layout-4 wp-block-columns-is-layout-flex\">\n<div class=\"wp-block-column is-layout-flow wp-block-column-is-layout-flow\" style=\"flex-basis:100%\">\n<p>La cubierta es un jard\u00edn. Un par de concesiones de caf\u00e9 alrededor de la llegada de los puntos fijos prestan su servicio a los visitantes. &nbsp;El techo de los auditorios se transforma en teatro. El piso se construye con un sistema modular de losetas de concreto sobre dados, creando una c\u00e1mara ventilada que protege de la radiaci\u00f3n directa la impermeabilizaci\u00f3n y la hace m\u00e1s durable. &nbsp;El sistema se combina con bancas y materas que permiten construir \u00e1mbitos con escalas espec\u00edficas para albergar grupos de conversadores y ofrecer espacios propicios para los encuentros y el ocio. El techo, esmeradamente cubierto de vegetaci\u00f3n alojada por el sistema modular con el que se lo construye, es la prolongaci\u00f3n de las&nbsp;funciones ecol\u00f3gicas del patio y un lugar de estar, estudiar y observar el paisaje.<\/p>\n<\/div>\n<\/div>\n\n\n\n<figure class=\"wp-block-gallery alignwide has-nested-images columns-default is-cropped wp-block-gallery-2 is-layout-flex wp-block-gallery-is-layout-flex\">\n<figure class=\"wp-block-image size-large\"><img decoding=\"async\" width=\"715\" height=\"1024\" data-id=\"468\" src=\"https:\/\/pinillaarquitectos.com\/wp\/wp-content\/uploads\/2021\/09\/PLANCHA-2-V2-imagen-2-715x1024.jpg\" alt=\"\" class=\"wp-image-468\" srcset=\"https:\/\/pinillaarquitectos.com\/wp\/wp-content\/uploads\/2021\/09\/PLANCHA-2-V2-imagen-2-715x1024.jpg 715w, https:\/\/pinillaarquitectos.com\/wp\/wp-content\/uploads\/2021\/09\/PLANCHA-2-V2-imagen-2-210x300.jpg 210w, https:\/\/pinillaarquitectos.com\/wp\/wp-content\/uploads\/2021\/09\/PLANCHA-2-V2-imagen-2-768x1100.jpg 768w, https:\/\/pinillaarquitectos.com\/wp\/wp-content\/uploads\/2021\/09\/PLANCHA-2-V2-imagen-2-1073x1536.jpg 1073w, https:\/\/pinillaarquitectos.com\/wp\/wp-content\/uploads\/2021\/09\/PLANCHA-2-V2-imagen-2-1430x2048.jpg 1430w, https:\/\/pinillaarquitectos.com\/wp\/wp-content\/uploads\/2021\/09\/PLANCHA-2-V2-imagen-2-scaled.jpg 1788w\" sizes=\"(max-width: 715px) 100vw, 715px\" \/><\/figure>\n<\/figure>\n\n\n\n<p><\/p>\n","protected":false},"excerpt":{"rendered":"<p>Universidad Nacional de Colombia, sede Bogot\u00e1.2013 Equipo de trabajo: Mauricio Pinilla, Andr\u00e9s Delgado, Mar\u00eda Camila Jim\u00e9nez, Juan Pablo Orejuela,&nbsp;Juan Diego P\u00e9rez, Ana Mesa, Pablo Trujillo, Nicol\u00e1s Colorado, Carlos L\u00f3pez. El nuevo edificio debe asumir la responsabilidad de constituir espacios abiertos significativos y arm\u00f3nicos con los edificios vecinos. Todo el edificio se asienta sobre una plataforma elevada un&nbsp;metro con respecto a su entorno.As\u00ed, la plaza de acceso se convierte parcialmente en un atrio, como en la Plaza de Bol\u00edvar, al entrar a la Catedral.Las escalinatas se convierten en tribuna y en lugar para sentarse a tomar el sol y ver pasar a los dem\u00e1s. Entreverada entre los pelda\u00f1os suben en diagonal un par de rampas de escasa pendiente, para las sillas de ruedas y&nbsp;para los j\u00f3venes en monopatines. El bosque contiguo al Conservatorio ha jugado desde hace a\u00f1os un papel l\u00fadico y de descanso para la comunidad. Sus \u00e1rboles tienen gran altura y el c\u00e9sped bajo ellos, a veces&nbsp;sombreado, a veces pleno de sol, invita a tenderse sobre \u00e9l. El borde del proyecto contra este paisaje tiene el deber de reconocerlo y activar su uso. La cubierta es un jard\u00edn. Un par de concesiones de caf\u00e9 alrededor de la llegada de los puntos fijos prestan su servicio a los visitantes. &nbsp;El techo de los auditorios se transforma en teatro. El piso se construye con un sistema modular de losetas de concreto sobre dados, creando una c\u00e1mara ventilada que protege de la radiaci\u00f3n directa la impermeabilizaci\u00f3n y la hace m\u00e1s durable. &nbsp;El sistema se combina con bancas y materas que permiten construir \u00e1mbitos con escalas espec\u00edficas para albergar grupos de conversadores y ofrecer espacios propicios para los encuentros y el ocio. El techo, esmeradamente cubierto de vegetaci\u00f3n alojada por el sistema modular con el que se lo construye, es la prolongaci\u00f3n de las&nbsp;funciones ecol\u00f3gicas del patio y un lugar de estar, estudiar y observar el paisaje.<\/p>\n","protected":false},"author":1,"featured_media":0,"parent":19,"menu_order":0,"comment_status":"closed","ping_status":"closed","template":"","meta":{"footnotes":""},"class_list":["post-87","page","type-page","status-publish","hentry"],"_links":{"self":[{"href":"https:\/\/pinillaarquitectos.com\/wp\/wp-json\/wp\/v2\/pages\/87","targetHints":{"allow":["GET"]}}],"collection":[{"href":"https:\/\/pinillaarquitectos.com\/wp\/wp-json\/wp\/v2\/pages"}],"about":[{"href":"https:\/\/pinillaarquitectos.com\/wp\/wp-json\/wp\/v2\/types\/page"}],"author":[{"embeddable":true,"href":"https:\/\/pinillaarquitectos.com\/wp\/wp-json\/wp\/v2\/users\/1"}],"replies":[{"embeddable":true,"href":"https:\/\/pinillaarquitectos.com\/wp\/wp-json\/wp\/v2\/comments?post=87"}],"version-history":[{"count":11,"href":"https:\/\/pinillaarquitectos.com\/wp\/wp-json\/wp\/v2\/pages\/87\/revisions"}],"predecessor-version":[{"id":1865,"href":"https:\/\/pinillaarquitectos.com\/wp\/wp-json\/wp\/v2\/pages\/87\/revisions\/1865"}],"up":[{"embeddable":true,"href":"https:\/\/pinillaarquitectos.com\/wp\/wp-json\/wp\/v2\/pages\/19"}],"wp:attachment":[{"href":"https:\/\/pinillaarquitectos.com\/wp\/wp-json\/wp\/v2\/media?parent=87"}],"curies":[{"name":"wp","href":"https:\/\/api.w.org\/{rel}","templated":true}]}}